{"id":318,"date":"2026-04-01T09:44:54","date_gmt":"2026-04-01T07:44:54","guid":{"rendered":"https:\/\/freisignentwurf.de\/gpb\/?page_id=318"},"modified":"2026-04-01T11:17:50","modified_gmt":"2026-04-01T09:17:50","slug":"impressum","status":"publish","type":"page","link":"https:\/\/freisignentwurf.de\/gpb\/impressum\/","title":{"rendered":"Impressum"},"content":{"rendered":"<div class=\"et_pb_section_0 et_pb_section et_section_regular et_flex_section\"><\/div>\n\n<div class=\"et_pb_section_1 et_pb_section et_section_regular et_block_section\">\n<div class=\"et_pb_row_0 et_pb_row et_block_row\">\n<div class=\"et_pb_column_0 et_pb_column et_pb_column_4_4 et-last-child et_block_column et_pb_css_mix_blend_mode_passthrough\">\n<div class=\"et_pb_heading_0 et_pb_heading et_pb_module et_flex_module\"><div class=\"et_pb_heading_container\"><h1 class=\"et_pb_module_header\">Impressum<\/h1><\/div><\/div>\n<\/div>\n<\/div>\n<\/div>\n\n<div class=\"et_pb_section_2 et_pb_section et_section_regular et_flex_section\">\n<div class=\"et_pb_row_1 et_pb_row et_flex_row\">\n<div class=\"et_pb_column_1 et_pb_column et-last-child et_flex_column et_pb_css_mix_blend_mode_passthrough et_flex_column_24_24 et_flex_column_24_24_tablet et_flex_column_24_24_phone\">\n<div class=\"et_pb_text_0 et_pb_text et_pb_bg_layout_light et_pb_module et_flex_module\"><div class=\"et_pb_text_inner\"><p><strong> GPB Grafschafter Projektbau GmbH<\/strong><\/p>\n<p>Max-Born-Str. 21<br \/>\n48529 Nordhorn<\/p>\n<p>USt-Identifikationsnummer\u00a055\/212\/28566<br \/>\n<span>Amtsgericht Osnabr\u00fcck HRB 222395<\/span><\/p>\n<p>Telefon: 05921 302899<br \/>\nTelefax: 05921 302898<\/p>\n<p>Internet: grafschafter-projektbau.de<br \/>\nE-Mail: <span style=\"color: #000000;\"><a href=\"mailto:info@grafschafter-projektbau.de\" style=\"color: #000000;\">info@grafschafter-projektbau.de<\/a>\u00a0<\/span><\/p>\n<p>Gesch\u00e4ftsf\u00fchrer:<\/p>\n<p>Christian Pas<br \/>\nMichael Pas<\/p>\n<p>Haftungshinweis: Trotz sorgf\u00e4ltiger inhaltlicher Kontrolle \u00fcbernehmen wir keine Haftung f\u00fcr die Inhalte externer Links. F\u00fcr den Inhalt der verlinkten Seiten sind ausschlie\u00dflich deren Betreiber verantwortlich.<\/p>\n<\/div><\/div>\n<\/div>\n<\/div>\n<\/div>","protected":false},"excerpt":{"rendered":"","protected":false},"author":1,"featured_media":0,"parent":0,"menu_order":0,"comment_status":"closed","ping_status":"closed","template":"","meta":{"footnotes":""},"class_list":["post-318","page","type-page","status-publish","hentry"],"_links":{"self":[{"href":"https:\/\/freisignentwurf.de\/gpb\/wp-json\/wp\/v2\/pages\/318","targetHints":{"allow":["GET"]}}],"collection":[{"href":"https:\/\/freisignentwurf.de\/gpb\/wp-json\/wp\/v2\/pages"}],"about":[{"href":"https:\/\/freisignentwurf.de\/gpb\/wp-json\/wp\/v2\/types\/page"}],"author":[{"embeddable":true,"href":"https:\/\/freisignentwurf.de\/gpb\/wp-json\/wp\/v2\/users\/1"}],"replies":[{"embeddable":true,"href":"https:\/\/freisignentwurf.de\/gpb\/wp-json\/wp\/v2\/comments?post=318"}],"version-history":[{"count":4,"href":"https:\/\/freisignentwurf.de\/gpb\/wp-json\/wp\/v2\/pages\/318\/revisions"}],"predecessor-version":[{"id":338,"href":"https:\/\/freisignentwurf.de\/gpb\/wp-json\/wp\/v2\/pages\/318\/revisions\/338"}],"wp:attachment":[{"href":"https:\/\/freisignentwurf.de\/gpb\/wp-json\/wp\/v2\/media?parent=318"}],"curies":[{"name":"wp","href":"https:\/\/api.w.org\/{rel}","templated":true}]}}