{"id":212,"date":"2026-03-10T16:19:25","date_gmt":"2026-03-10T15:19:25","guid":{"rendered":"https:\/\/freisignentwurf.de\/gpb\/?page_id=212"},"modified":"2026-04-01T12:36:19","modified_gmt":"2026-04-01T10:36:19","slug":"stolze-iv","status":"publish","type":"page","link":"https:\/\/freisignentwurf.de\/gpb\/stolze-iv\/","title":{"rendered":"Stolze IV"},"content":{"rendered":"<div class=\"et_pb_section_0 et_pb_section et_section_regular et_block_section et-pb-has-background-video et_pb_preload\"><span class=\"et-pb-background-video\"><video autoplay loop playsinline muted><source type=\"video\/mp4\" src=\"https:\/\/freisignentwurf.de\/gpb\/wp-content\/uploads\/2026\/04\/Immobilien-Tiehen-Stolze4__.mp4\" \/><source type=\"video\/webm\" src=\"https:\/\/freisignentwurf.de\/gpb\/wp-content\/uploads\/2026\/04\/Immobilien-Tiehen-Stolze4__.mp4\" \/><\/video><\/span>\n<div class=\"et_pb_row_0 et_pb_row et_flex_row\">\n<div class=\"et_pb_column_0 et_pb_column et-last-child et_block_column et_pb_css_mix_blend_mode_passthrough et_flex_column_12_24 et_flex_column_12_24_tablet et_flex_column_24_24_phone\">\n<div class=\"et_pb_text_0 et_pb_text et_pb_bg_layout_light et_pb_module et_flex_module\"><div class=\"et_pb_text_inner\"><h1>STOLZE4<\/h1>\n<\/div><\/div>\n<\/div>\n<\/div>\n<\/div>\n\n<div class=\"et_pb_section_1 et_pb_section et_section_regular et_flex_section\">\n<div class=\"et_pb_row_1 et_pb_row et_flex_row\">\n<div class=\"et_pb_column_1 et_pb_column et_flex_column et_pb_css_mix_blend_mode_passthrough et_flex_column_12_24 et_flex_column_12_24_tablet et_flex_column_24_24_phone\">\n<div class=\"et_pb_text_1 et_pb_text et_pb_bg_layout_light et_pb_module et_flex_module\"><div class=\"et_pb_text_inner\"><h1>STOLZE4<\/h1>\n<h5><em>Ruhig. Stadtnah. <\/em><em>Wertstabil.<\/em><\/h5>\n<\/div><\/div>\n<\/div>\n\n<div class=\"et_pb_column_2 et_pb_column et-last-child et_flex_column et_pb_css_mix_blend_mode_passthrough et_flex_column_12_24 et_flex_column_12_24_tablet et_flex_column_24_24_phone\">\n<div class=\"et_pb_text_2 et_pb_text et_pb_bg_layout_light et_pb_module et_flex_module\"><div class=\"et_pb_text_inner\"><p><strong>STOLZE4<\/strong> steht f\u00fcr ein Neubauprojekt mit 8 Wohneinheiten<br \/>in Nordhorn-Blanke. Geplant und realisiert f\u00fcr Menschen, die ruhig und komfortabel wohnen m\u00f6chten, und f\u00fcr K\u00e4ufer, die wertstabil und nachhaltig investieren wollen.<\/p>\n<\/div><\/div>\n\n<div class=\"et_pb_cta_0 et_pb_promo et_pb_bg_layout_dark et_animated et_pb_module et_flex_module\"><div class=\"et_pb_promo_description\"><div class=\"et_pb_promo_content\"><ul>\n<li style=\"text-align: left;\">Dr.-Stolze-Stra\u00dfe 4, 48529 Nordhorn<\/li>\n<li style=\"text-align: left;\">8 Wohnungen, 69 bis 109 m\u00b2<\/li>\n<li style=\"text-align: left;\">QNG-Standard (Steuervorteile und optimierte Finanzierbarkeit durch erweiterte Abschreibungsm\u00f6glichkeiten und KfW-Darlehen)<\/li>\n<li style=\"text-align: left;\">Aufzug und moderne Haustechnik<\/li>\n<li style=\"text-align: left;\">Hochwertige Ausstattung<\/li>\n<li style=\"text-align: left;\">Baubeginn: 2. Quartal 2026<\/li>\n<\/ul>\n<\/div><\/div><\/div>\n\n<div class=\"et_pb_text_3 et_pb_text et_pb_bg_layout_light et_pb_module et_flex_module\"><div class=\"et_pb_text_inner\"><p><strong>STOLZE4<\/strong> wird im KfW-40-Standard mit QNG-Zertifizierung realisiert. Das QN<span style=\"font-size: 14px;\">G-G\u00fctesiegel steht f\u00fcr ein qualifiziert nachhaltiges Geb\u00e4ude, nicht als Trend, sondern als Qualit\u00e4tsrahmen, der ein besonderes Augenmerk auf \u00f6kologische und \u00f6konomische Vertr\u00e4glichkeit legt. Dadurch ist das Geb\u00e4ude zukunftsf\u00e4hig und nachhaltig.<\/span><\/p>\n<\/div><\/div>\n\n<div class=\"et_pb_module et_pb_button_module_wrapper et_pb_button_0_wrapper\"><a class=\"et_pb_button_0 et_pb_button et_pb_bg_layout_light et_pb_module et_flex_module\" href=\"https:\/\/freisignentwurf.de\/gpb\/wp-content\/uploads\/2026\/03\/Broschuere-Stolze4.pdf\" target=\"_blank\">Expos\u00e9<\/a><\/div>\n<\/div>\n<\/div>\n\n<div class=\"et_pb_row_2 et_pb_row et_flex_row\">\n<div class=\"et_pb_column_3 et_pb_column et-last-child et_flex_column et_pb_css_mix_blend_mode_passthrough et_flex_column_24_24 et_flex_column_24_24_tablet et_flex_column_24_24_phone\">\n<div class=\"et_pb_gallery_0 et_pb_gallery et_pb_bg_layout_light et_pb_gallery_grid et_pb_module\" data-auto-rotate=\"off\" data-auto-rotate-speed=\"\"><div class=\"et_pb_gallery_items et_post_gallery clearfix et_grid_module\" data-per_page=\"5\"><div class=\"et_pb_gallery_item et_pb_grid_item et_pb_gallery_item_0_0\"><div class=\"et_pb_gallery_image portrait\" data-per_page=\"5\"><a href=\"https:\/\/freisignentwurf.de\/gpb\/wp-content\/uploads\/2026\/03\/Stolze-IIII-v4.jpg\" title=\"Stolze-IIII-v4\"><img loading=\"lazy\" decoding=\"async\" width=\"400\" height=\"516\" src=\"https:\/\/freisignentwurf.de\/gpb\/wp-content\/uploads\/2026\/03\/Stolze-IIII-v4-400x516.jpg\" alt=\"\" class=\"wp-image-180\" srcset=\"https:\/\/freisignentwurf.de\/gpb\/wp-content\/uploads\/2026\/03\/Stolze-IIII-v4.jpg 479w, https:\/\/freisignentwurf.de\/gpb\/wp-content\/uploads\/2026\/03\/Stolze-IIII-v4-400x516.jpg 480w\" sizes=\"(max-width:479px) 479px, 100vw\" \/><span class=\"et_overlay\" data-icon=\"\" data-icon-tablet=\"\" data-icon-phone=\"\"><\/span><\/a><\/div><\/div><div class=\"et_pb_gallery_item et_pb_grid_item et_pb_gallery_item_0_1\"><div class=\"et_pb_gallery_image portrait\" data-per_page=\"5\"><a href=\"https:\/\/freisignentwurf.de\/gpb\/wp-content\/uploads\/2026\/03\/Stolze-IIII-v7.jpg\" title=\"Stolze-IIII-v7\"><img loading=\"lazy\" decoding=\"async\" width=\"400\" height=\"516\" src=\"https:\/\/freisignentwurf.de\/gpb\/wp-content\/uploads\/2026\/03\/Stolze-IIII-v7-400x516.jpg\" alt=\"\" class=\"wp-image-183\" srcset=\"https:\/\/freisignentwurf.de\/gpb\/wp-content\/uploads\/2026\/03\/Stolze-IIII-v7.jpg 479w, https:\/\/freisignentwurf.de\/gpb\/wp-content\/uploads\/2026\/03\/Stolze-IIII-v7-400x516.jpg 480w\" sizes=\"(max-width:479px) 479px, 100vw\" \/><span class=\"et_overlay\" data-icon=\"\" data-icon-tablet=\"\" data-icon-phone=\"\"><\/span><\/a><\/div><\/div><div class=\"et_pb_gallery_item et_pb_grid_item et_pb_gallery_item_0_2\"><div class=\"et_pb_gallery_image portrait\" data-per_page=\"5\"><a href=\"https:\/\/freisignentwurf.de\/gpb\/wp-content\/uploads\/2026\/03\/Stolze-IIII-v6.jpg\" title=\"Stolze-IIII-v6\"><img loading=\"lazy\" decoding=\"async\" width=\"400\" height=\"516\" src=\"https:\/\/freisignentwurf.de\/gpb\/wp-content\/uploads\/2026\/03\/Stolze-IIII-v6-400x516.jpg\" alt=\"\" class=\"wp-image-182\" srcset=\"https:\/\/freisignentwurf.de\/gpb\/wp-content\/uploads\/2026\/03\/Stolze-IIII-v6.jpg 479w, https:\/\/freisignentwurf.de\/gpb\/wp-content\/uploads\/2026\/03\/Stolze-IIII-v6-400x516.jpg 480w\" sizes=\"(max-width:479px) 479px, 100vw\" \/><span class=\"et_overlay\" data-icon=\"\" data-icon-tablet=\"\" data-icon-phone=\"\"><\/span><\/a><\/div><\/div><div class=\"et_pb_gallery_item et_pb_grid_item et_pb_gallery_item_0_3\"><div class=\"et_pb_gallery_image portrait\" data-per_page=\"5\"><a href=\"https:\/\/freisignentwurf.de\/gpb\/wp-content\/uploads\/2026\/03\/Stolze-IIII-v5.jpg\" title=\"Stolze-IIII-v5\"><img loading=\"lazy\" decoding=\"async\" width=\"400\" height=\"516\" src=\"https:\/\/freisignentwurf.de\/gpb\/wp-content\/uploads\/2026\/03\/Stolze-IIII-v5-400x516.jpg\" alt=\"\" class=\"wp-image-181\" srcset=\"https:\/\/freisignentwurf.de\/gpb\/wp-content\/uploads\/2026\/03\/Stolze-IIII-v5.jpg 479w, https:\/\/freisignentwurf.de\/gpb\/wp-content\/uploads\/2026\/03\/Stolze-IIII-v5-400x516.jpg 480w\" sizes=\"(max-width:479px) 479px, 100vw\" \/><span class=\"et_overlay\" data-icon=\"\" data-icon-tablet=\"\" data-icon-phone=\"\"><\/span><\/a><\/div><\/div><div class=\"et_pb_gallery_item et_pb_grid_item et_pb_gallery_item_0_4\"><div class=\"et_pb_gallery_image portrait\" data-per_page=\"5\"><a href=\"https:\/\/freisignentwurf.de\/gpb\/wp-content\/uploads\/2026\/03\/Stolze-IIII-v8.jpg\" title=\"Stolze-IIII-v8\"><img loading=\"lazy\" decoding=\"async\" width=\"400\" height=\"516\" src=\"https:\/\/freisignentwurf.de\/gpb\/wp-content\/uploads\/2026\/03\/Stolze-IIII-v8-400x516.jpg\" alt=\"\" class=\"wp-image-184\" srcset=\"https:\/\/freisignentwurf.de\/gpb\/wp-content\/uploads\/2026\/03\/Stolze-IIII-v8.jpg 479w, https:\/\/freisignentwurf.de\/gpb\/wp-content\/uploads\/2026\/03\/Stolze-IIII-v8-400x516.jpg 480w\" sizes=\"(max-width:479px) 479px, 100vw\" \/><span class=\"et_overlay\" data-icon=\"\" data-icon-tablet=\"\" data-icon-phone=\"\"><\/span><\/a><\/div><\/div><\/div><\/div>\n<\/div>\n<\/div>\n<\/div>","protected":false},"excerpt":{"rendered":"","protected":false},"author":1,"featured_media":0,"parent":0,"menu_order":0,"comment_status":"closed","ping_status":"closed","template":"","meta":{"footnotes":""},"class_list":["post-212","page","type-page","status-publish","hentry"],"_links":{"self":[{"href":"https:\/\/freisignentwurf.de\/gpb\/wp-json\/wp\/v2\/pages\/212","targetHints":{"allow":["GET"]}}],"collection":[{"href":"https:\/\/freisignentwurf.de\/gpb\/wp-json\/wp\/v2\/pages"}],"about":[{"href":"https:\/\/freisignentwurf.de\/gpb\/wp-json\/wp\/v2\/types\/page"}],"author":[{"embeddable":true,"href":"https:\/\/freisignentwurf.de\/gpb\/wp-json\/wp\/v2\/users\/1"}],"replies":[{"embeddable":true,"href":"https:\/\/freisignentwurf.de\/gpb\/wp-json\/wp\/v2\/comments?post=212"}],"version-history":[{"count":10,"href":"https:\/\/freisignentwurf.de\/gpb\/wp-json\/wp\/v2\/pages\/212\/revisions"}],"predecessor-version":[{"id":345,"href":"https:\/\/freisignentwurf.de\/gpb\/wp-json\/wp\/v2\/pages\/212\/revisions\/345"}],"wp:attachment":[{"href":"https:\/\/freisignentwurf.de\/gpb\/wp-json\/wp\/v2\/media?parent=212"}],"curies":[{"name":"wp","href":"https:\/\/api.w.org\/{rel}","templated":true}]}}