{"id":17,"date":"2026-03-09T11:15:06","date_gmt":"2026-03-09T10:15:06","guid":{"rendered":"https:\/\/freisignentwurf.de\/gpb\/?page_id=17"},"modified":"2026-04-01T11:40:43","modified_gmt":"2026-04-01T09:40:43","slug":"starseite","status":"publish","type":"page","link":"https:\/\/freisignentwurf.de\/gpb\/","title":{"rendered":"Starseite"},"content":{"rendered":"<div class=\"et_pb_section_0 et_pb_section et_section_regular et_block_section et-pb-has-background-video et_pb_preload\"><span class=\"et-pb-background-video\"><video autoplay loop playsinline muted><source type=\"video\/webm\" src=\"https:\/\/freisignentwurf.de\/gpb\/wp-content\/uploads\/2026\/04\/Immobilien-Tiehen-Stolze4__.mp4\" \/><\/video><\/span>\n<div class=\"et_pb_row_0 et_pb_row et_flex_row\">\n<div class=\"et_pb_column_0 et_pb_column et-last-child et_block_column et_pb_css_mix_blend_mode_passthrough et_flex_column_3_5 et_flex_column_3_5_tablet et_flex_column_24_24_phone\">\n<div class=\"et_pb_text_0 et_pb_text et_pb_bg_layout_light et_pb_module et_flex_module\"><div class=\"et_pb_text_inner\" data-et-mv-hidden-tablet=\"true\" data-et-mv-hidden-phone=\"true\"><h1>Grafschafter Projektbau<\/h1>\n<p>Grafschafter Projektbau steht f\u00fcr die Entwicklung und Realisierung moderner, komfortabler und nachhahtliger Bauprojekte in der Region Grafschaft Bentheim. Als Investor initiieren und begleiten wir Bauvorhaben, die der langfristigen Wertsch\u00f6pfung dienen.\u00a0<\/p>\n<\/div><\/div>\n<\/div>\n<\/div>\n<\/div>\n\n<div class=\"et_pb_section_1 et_pb_section et_section_regular et_flex_section\">\n<div class=\"et_pb_row_1 et_pb_row et_flex_row\">\n<div class=\"et_pb_column_1 et_pb_column et_flex_column et_pb_css_mix_blend_mode_passthrough et_flex_column_12_24 et_flex_column_12_24_tablet et_flex_column_24_24_phone\">\n<div class=\"et_pb_text_1 et_pb_text et_pb_bg_layout_light et_pb_module et_flex_module\"><div class=\"et_pb_text_inner\"><h1>Grafschafter Projektbau<\/h1>\n<\/div><\/div>\n\n<div class=\"et_pb_text_2 et_pb_text et_pb_bg_layout_light et_pb_module et_flex_module\"><div class=\"et_pb_text_inner\"><p><strong><em>Damit Investition, Planung und Bau optimal ineinandergreifen.\u00a0<\/em><\/strong><\/p>\n<\/div><\/div>\n<\/div>\n\n<div class=\"et_pb_column_2 et_pb_column et-last-child et_flex_column et_pb_css_mix_blend_mode_passthrough et_flex_column_12_24 et_flex_column_12_24_tablet et_flex_column_24_24_phone\">\n<div class=\"et_pb_text_3 et_pb_text et_pb_bg_layout_light et_pb_module et_flex_module\"><div class=\"et_pb_text_inner\"><p>Vielen Dank f\u00fcr Ihr Interesse an unserem Unternehmen Grafschafter Projektbau. Als Investor setzen wir uns daf\u00fcr ein, die wundersch\u00f6ne Region Grafschaft Bentheim noch lebenswerter zu machen. Wir f\u00f6rdern Bauprojekte mit einem klaren Blick auf Qualit\u00e4t, Wirtschaftlichkeit und nachhaltige Entwicklung. Wir schaffen mehr als Wohnraum, wir schaffen Wohngef\u00fchl f\u00fcr heute und f\u00fcr morgen.\u00a0<\/p>\n<p>Dabei arbeiten wir eng mit erfahrenen Partnern zusammen, die unser Vertrauen und unsere Wertsch\u00e4tzung genie\u00dfen. F\u00fcr die bauliche Realisierung zeichnet sich unser Partnerunternehmen <a href=\"https:\/\/pas-bau.de\/\" target=\"_blank\" rel=\"noopener\"><strong><span class=\"hover:entity-accent entity-underline inline cursor-pointer align-baseline\"><span class=\"whitespace-normal\">PAS Bau<\/span><\/span><\/strong><\/a> verantwortlich.\u00a0<\/p>\n<\/div><\/div>\n\n<div class=\"et_pb_module et_pb_button_module_wrapper et_pb_button_0_wrapper\"><a class=\"et_pb_button_0 et_pb_button et_pb_bg_layout_light et_pb_module et_flex_module\" href=\"https:\/\/freisignentwurf.de\/gpb\/ueber-uns\/\">\u00dcber uns<\/a><\/div>\n<\/div>\n<\/div>\n<\/div>\n\n<div class=\"et_pb_section_2 et_pb_section et_section_regular et_block_section\">\n<div class=\"et_pb_row_2 et_pb_row et_pb_gutters2 et_block_row\">\n<div class=\"et_pb_column_3 et_pb_column et_pb_column_1_3 et_grid_column et_pb_css_mix_blend_mode_passthrough\">\n<div class=\"et_pb_image_0 et_pb_image et_pb_module et_flex_module\"><\/div>\n<\/div>\n\n<div class=\"et_pb_column_4 et_pb_column et_pb_column_1_3 et_grid_column et_pb_css_mix_blend_mode_passthrough\">\n<div class=\"et_pb_image_1 et_pb_image et_pb_module et_flex_module\"><\/div>\n<\/div>\n\n<div class=\"et_pb_column_5 et_pb_column et_pb_column_1_3 et-last-child et_grid_column et_pb_css_mix_blend_mode_passthrough\">\n<div class=\"et_pb_image_2 et_pb_image et_pb_module et_flex_module\"><\/div>\n<\/div>\n<\/div>\n\n<div class=\"et_pb_row_3 et_pb_row et_flex_row\">\n<div class=\"et_pb_column_6 et_pb_column et-last-child et_grid_column et_pb_css_mix_blend_mode_passthrough et_flex_column_24_24 et_flex_column_24_24_tablet et_flex_column_24_24_phone\">\n<div class=\"et_pb_text_4 et_pb_text et_pb_bg_layout_light et_pb_module et_flex_module\"><div class=\"et_pb_text_inner\"><p><strong><em>Willkommen<\/em><em> in STOLZE4!<\/em><\/strong><em> Wir sind als Grafschafter Projektbau engagierter Investor des Neubauprojektes <strong>STOLZE4<\/strong> mit 8 Wohneinheiten in Nordhorn-Blanke. Das Projekt wird geplant und realisiert f\u00fcr Menschen, die ruhig und komfortabel wohnen m\u00f6chten und f\u00fcr K\u00e4ufer, die wertstabil und nachhaltig investieren wollen. Im gewachsenen Nordhorner Stadtteil Blanke gelegen, ist <strong>STOLZE4<\/strong> so positioniert, dass ein urbanes Wohngef\u00fchl entsteht, ohne mitten im Trubel zu sein. Die Immobilie liegt in einer ruhigen Wohnstra\u00dfe, w\u00e4hrend die lebhafte City nur 3 km (Luftlinie) enfernt ist. Bus, Kindergarten, Schule, B\u00e4cker und Apotheke iiegen im direkten Umfeld und sind gut fu\u00dfl\u00e4ufig zu erreichen. <strong>STOLZE4<\/strong> wird im KfW-40-Standard mit QNG-Zertifizierung realisiert.\u00a0<\/em><\/p>\n<\/div><\/div>\n\n<div class=\"et_pb_module et_pb_button_module_wrapper et_pb_button_1_wrapper\"><a class=\"et_pb_button_1 et_pb_button et_pb_bg_layout_light et_pb_module et_flex_module\" href=\"https:\/\/freisignentwurf.de\/gpb\/stolze-iv\/\">STOLZE4<\/a><\/div>\n<\/div>\n<\/div>\n<\/div>","protected":false},"excerpt":{"rendered":"","protected":false},"author":1,"featured_media":0,"parent":0,"menu_order":0,"comment_status":"closed","ping_status":"closed","template":"","meta":{"footnotes":""},"class_list":["post-17","page","type-page","status-publish","hentry"],"_links":{"self":[{"href":"https:\/\/freisignentwurf.de\/gpb\/wp-json\/wp\/v2\/pages\/17","targetHints":{"allow":["GET"]}}],"collection":[{"href":"https:\/\/freisignentwurf.de\/gpb\/wp-json\/wp\/v2\/pages"}],"about":[{"href":"https:\/\/freisignentwurf.de\/gpb\/wp-json\/wp\/v2\/types\/page"}],"author":[{"embeddable":true,"href":"https:\/\/freisignentwurf.de\/gpb\/wp-json\/wp\/v2\/users\/1"}],"replies":[{"embeddable":true,"href":"https:\/\/freisignentwurf.de\/gpb\/wp-json\/wp\/v2\/comments?post=17"}],"version-history":[{"count":10,"href":"https:\/\/freisignentwurf.de\/gpb\/wp-json\/wp\/v2\/pages\/17\/revisions"}],"predecessor-version":[{"id":343,"href":"https:\/\/freisignentwurf.de\/gpb\/wp-json\/wp\/v2\/pages\/17\/revisions\/343"}],"wp:attachment":[{"href":"https:\/\/freisignentwurf.de\/gpb\/wp-json\/wp\/v2\/media?parent=17"}],"curies":[{"name":"wp","href":"https:\/\/api.w.org\/{rel}","templated":true}]}}